{"id":161,"date":"2024-08-08T04:04:38","date_gmt":"2024-08-08T04:04:38","guid":{"rendered":"https:\/\/kidsandfamily.net\/?page_id=161"},"modified":"2025-03-30T08:56:37","modified_gmt":"2025-03-30T08:56:37","slug":"contact","status":"publish","type":"page","link":"https:\/\/kidsandfamily.net\/es\/contact\/","title":{"rendered":"Contacto"},"content":{"rendered":"<div data-elementor-type=\"wp-page\" data-elementor-id=\"161\" class=\"elementor elementor-161\" data-elementor-post-type=\"page\">\n\t\t\t\t<div class=\"elementor-element elementor-element-e3a1e72 e-con-full e-flex e-con e-parent\" data-id=\"e3a1e72\" data-element_type=\"container\" data-settings=\"{&quot;background_background&quot;:&quot;classic&quot;,&quot;shape_divider_bottom&quot;:&quot;curve&quot;,&quot;shape_divider_bottom_negative&quot;:&quot;yes&quot;}\">\n\t\t\t\t<div class=\"elementor-shape elementor-shape-bottom\" data-negative=\"true\">\n\t\t\t<svg xmlns=\"http:\/\/www.w3.org\/2000\/svg\" viewbox=\"0 0 1000 100\" preserveaspectratio=\"none\">\n\t<path class=\"elementor-shape-fill\" d=\"M500,97C126.7,96.3,0.8,19.8,0,0v100l1000,0V1C1000,19.4,873.3,97.8,500,97z\"\/>\n<\/svg>\t\t<\/div>\n\t\t<div class=\"elementor-element elementor-element-c8aa080 e-con-full e-flex e-con e-child\" data-id=\"c8aa080\" data-element_type=\"container\">\n\t\t\t\t<div class=\"elementor-element elementor-element-18e9a66 elementor-widget elementor-widget-heading\" data-id=\"18e9a66\" data-element_type=\"widget\" data-widget_type=\"heading.default\">\n\t\t\t\t<div class=\"elementor-widget-container\">\n\t\t\t<h2 class=\"elementor-heading-title elementor-size-default\">Contacto<\/h2>\t\t<\/div>\n\t\t\t\t<\/div>\n\t\t\t\t<\/div>\n\t\t\t\t<\/div>\n\t\t<div class=\"elementor-element elementor-element-a07eb12 e-con-full e-flex e-con e-parent\" data-id=\"a07eb12\" data-element_type=\"container\">\n\t\t<div class=\"elementor-element elementor-element-fabd61d e-con-full e-flex e-con e-child\" data-id=\"fabd61d\" data-element_type=\"container\">\n\t\t\t\t<div class=\"elementor-element elementor-element-029718b elementor-widget elementor-widget-heading\" data-id=\"029718b\" data-element_type=\"widget\" data-widget_type=\"heading.default\">\n\t\t\t\t<div class=\"elementor-widget-container\">\n\t\t\t<h3 class=\"elementor-heading-title elementor-size-default\">Dejar un mensaje<\/h3>\t\t<\/div>\n\t\t\t\t<\/div>\n\t\t\t\t<div class=\"elementor-element elementor-element-0380b93 elementor-widget elementor-widget-text-editor\" data-id=\"0380b93\" data-element_type=\"widget\" data-widget_type=\"text-editor.default\">\n\t\t\t\t<div class=\"elementor-widget-container\">\n\t\t\t\t\t\t\t<p><strong>Comun\u00edquese hoy para determinar si su hijo es elegible para los servicios de intervenci\u00f3n temprana para ni\u00f1os y familias.<\/strong><\/p>\t\t\t\t\t\t<\/div>\n\t\t\t\t<\/div>\n\t\t\t\t<div class=\"elementor-element elementor-element-2b8a96c elementor-button-align-stretch elementor-widget elementor-widget-form\" data-id=\"2b8a96c\" data-element_type=\"widget\" data-settings=\"{&quot;step_next_label&quot;:&quot;Next&quot;,&quot;step_previous_label&quot;:&quot;Previous&quot;,&quot;button_width&quot;:&quot;100&quot;,&quot;step_type&quot;:&quot;number_text&quot;,&quot;step_icon_shape&quot;:&quot;circle&quot;}\" data-widget_type=\"form.default\">\n\t\t\t\t<div class=\"elementor-widget-container\">\n\t\t\t\t\t<form class=\"elementor-form\" method=\"post\" name=\"Contact Form\">\n\t\t\t<input type=\"hidden\" name=\"post_id\" value=\"161\"\/>\n\t\t\t<input type=\"hidden\" name=\"form_id\" value=\"2b8a96c\"\/>\n\t\t\t<input type=\"hidden\" name=\"referer_title\" value=\"Contact\" \/>\n\n\t\t\t\t\t\t\t<input type=\"hidden\" name=\"queried_id\" value=\"161\"\/>\n\t\t\t\n\t\t\t<div class=\"elementor-form-fields-wrapper elementor-labels-above\">\n\t\t\t\t\t\t\t\t<div class=\"elementor-field-type-text elementor-field-group elementor-column elementor-field-group-name elementor-col-100\">\n\t\t\t\t\t\t\t\t\t\t\t\t\t<input size=\"1\" type=\"text\" name=\"form_fields[name]\" id=\"form-field-name\" class=\"elementor-field elementor-size-sm  elementor-field-textual\" placeholder=\"Nombre\">\n\t\t\t\t\t\t\t\t\t\t\t<\/div>\n\t\t\t\t\t\t\t\t<div class=\"elementor-field-type-email elementor-field-group elementor-column elementor-field-group-email elementor-col-100 elementor-field-required\">\n\t\t\t\t\t\t\t\t\t\t\t\t\t<input size=\"1\" type=\"email\" name=\"form_fields[email]\" id=\"form-field-email\" class=\"elementor-field elementor-size-sm  elementor-field-textual\" placeholder=\"Correo electr\u00f3nico\" required=\"required\" aria-required=\"true\">\n\t\t\t\t\t\t\t\t\t\t\t<\/div>\n\t\t\t\t\t\t\t\t<div class=\"elementor-field-type-number elementor-field-group elementor-column elementor-field-group-field_12c4c48 elementor-col-100\">\n\t\t\t\t\t\t\t\t<input type=\"number\" name=\"form_fields[field_12c4c48]\" id=\"form-field-field_12c4c48\" class=\"elementor-field elementor-size-sm  elementor-field-textual\" placeholder=\"Tel\u00e9fono\" min=\"\" max=\"\" >\n\t\t\t\t\t\t<\/div>\n\t\t\t\t\t\t\t\t<div class=\"elementor-field-type-textarea elementor-field-group elementor-column elementor-field-group-message elementor-col-100\">\n\t\t\t\t\t<textarea class=\"elementor-field-textual elementor-field  elementor-size-sm\" name=\"form_fields[message]\" id=\"form-field-message\" rows=\"4\" placeholder=\"Mensaje\"><\/textarea>\t\t\t\t<\/div>\n\t\t\t\t\t\t\t\t<div class=\"elementor-field-type-acceptance elementor-field-group elementor-column elementor-field-group-field_9a8651c elementor-col-100\">\n\t\t\t\t\t\t\t<div class=\"elementor-field-subgroup\">\n\t\t\t<span class=\"elementor-field-option\">\n\t\t\t\t<input type=\"checkbox\" name=\"form_fields[field_9a8651c]\" id=\"form-field-field_9a8651c\" class=\"elementor-field elementor-size-sm  elementor-acceptance-field\">\n\t\t\t\t<label for=\"form-field-field_9a8651c\">Al marcar esta casilla, acepto recibir notificaciones de cuenta por SMS de Kids and Family INC al n\u00famero de tel\u00e9fono indicado anteriormente. La frecuencia de los SMS puede variar. Se pueden aplicar tarifas de datos. Para obtener ayuda, responda &quot;AYUDA&quot; o &quot;PARAR&quot; para dejar de recibir SMS. Para obtener m\u00e1s informaci\u00f3n, consulte nuestra\u00a0<a href=\"https:\/\/docs.google.com\/document\/d\/1zPXRwf5Zwpv_e37not10bI7jabQS1G7fkz9JIHeN8V4\/edit?tab=t.0\">pol\u00edtica de privacidad<\/a>.<\/label>\t\t\t<\/span>\n\t\t<\/div>\n\t\t\t\t\t\t<\/div>\n\t\t\t\t\t\t\t\t<div class=\"elementor-field-group elementor-column elementor-field-type-submit elementor-col-100 e-form__buttons\">\n\t\t\t\t\t<button class=\"elementor-button elementor-size-sm\" type=\"submit\">\n\t\t\t\t\t\t<span class=\"elementor-button-content-wrapper\">\n\t\t\t\t\t\t\t\t\t\t\t\t\t\t\t\t\t\t\t\t\t\t<span class=\"elementor-button-text\">Enviar<\/span>\n\t\t\t\t\t\t\t\t\t\t\t\t\t<\/span>\n\t\t\t\t\t<\/button>\n\t\t\t\t<\/div>\n\t\t\t<\/div>\n\t\t<input type=\"hidden\" name=\"trp-form-language\" value=\"es\"\/><\/form>\n\t\t\t\t<\/div>\n\t\t\t\t<\/div>\n\t\t\t\t<\/div>\n\t\t<div class=\"elementor-element elementor-element-268cc9e e-con-full e-flex e-con e-child\" data-id=\"268cc9e\" data-element_type=\"container\">\n\t\t\t\t<div class=\"elementor-element elementor-element-bfb8c4b elementor-widget elementor-widget-jkit_heading\" data-id=\"bfb8c4b\" data-element_type=\"widget\" data-widget_type=\"jkit_heading.default\">\n\t\t\t\t<div class=\"elementor-widget-container\">\n\t\t\t<div  class=\"jeg-elementor-kit jkit-heading  align- align-tablet- align-mobile- jeg_module___69e04c30e8acc\" ><h3 class=\"heading-section-subtitle  style-color\">\u00a1Queremos saber de usted!<\/h3><div class=\"heading-section-title  display-inline-block\"><h2 class=\"heading-title\">Comun\u00edquese con nosotros si tiene alguna pregunta sobre oportunidades de empleo o servicios de intervenci\u00f3n temprana.<\/h2><\/div><\/div>\t\t<\/div>\n\t\t\t\t<\/div>\n\t\t\t\t<div class=\"elementor-element elementor-element-ec9d2d4 elementor-widget elementor-widget-text-editor\" data-id=\"ec9d2d4\" data-element_type=\"widget\" data-widget_type=\"text-editor.default\">\n\t\t\t\t<div class=\"elementor-widget-container\">\n\t\t\t\t\t\t\t<p>Estamos aqu\u00ed para ayudar a evaluar las necesidades de su hijo y brindarle apoyo. De lo contrario, lo derivaremos a los servicios o recursos adecuados. El bienestar de su hijo es nuestra prioridad. Empecemos juntos hoy.\u00a0<\/p>\t\t\t\t\t\t<\/div>\n\t\t\t\t<\/div>\n\t\t<div class=\"elementor-element elementor-element-f59e2e9 e-con-full e-flex e-con e-child\" data-id=\"f59e2e9\" data-element_type=\"container\">\n\t\t<div class=\"elementor-element elementor-element-3f6d399 e-con-full e-flex e-con e-child\" data-id=\"3f6d399\" data-element_type=\"container\">\n\t\t\t\t<div class=\"elementor-element elementor-element-973790b elementor-widget-mobile__width-inherit elementor-widget__width-initial jkit-equal-height-disable elementor-widget elementor-widget-jkit_icon_box\" data-id=\"973790b\" data-element_type=\"widget\" data-widget_type=\"jkit_icon_box.default\">\n\t\t\t\t<div class=\"elementor-widget-container\">\n\t\t\t<div  class=\"jeg-elementor-kit jkit-icon-box icon-position-left elementor-animation- jeg_module__1_69e04c30eacee\" ><div class=\"jkit-icon-box-wrapper hover-from-left\"><div class=\"icon-box icon-box-header elementor-animation-\"><div class=\"icon style-color\"><i aria-hidden=\"true\" class=\"jki jki-phone1-light\"><\/i><\/div><\/div><div class=\"icon-box icon-box-body\">\n                <h4 class=\"title\">Tel\u00e9fono<\/h4><p class=\"icon-box-description\"><a href=\"tel:215-525-4970\">215-525-4970<\/a><\/p>\n            <\/div>\n            \n            <\/div><\/div>\t\t<\/div>\n\t\t\t\t<\/div>\n\t\t\t\t<\/div>\n\t\t<div class=\"elementor-element elementor-element-ede6708 e-con-full e-flex e-con e-child\" data-id=\"ede6708\" data-element_type=\"container\">\n\t\t\t\t<div class=\"elementor-element elementor-element-1c59e4c elementor-widget-mobile__width-inherit jkit-equal-height-disable elementor-widget elementor-widget-jkit_icon_box\" data-id=\"1c59e4c\" data-element_type=\"widget\" data-widget_type=\"jkit_icon_box.default\">\n\t\t\t\t<div class=\"elementor-widget-container\">\n\t\t\t<div  class=\"jeg-elementor-kit jkit-icon-box icon-position-left elementor-animation- jeg_module__2_69e04c30eb584\" ><div class=\"jkit-icon-box-wrapper hover-from-left\"><div class=\"icon-box icon-box-header elementor-animation-\"><div class=\"icon style-color\"><i aria-hidden=\"true\" class=\"jki jki-envelope2-light\"><\/i><\/div><\/div><div class=\"icon-box icon-box-body\">\n                <h4 class=\"title\">Correo electr\u00f3nico<\/h4><p class=\"icon-box-description\"><a href=\"mailto:hello@kidsandfamily.net\">Hola@kidsandfamily.net<\/a><\/p>\n            <\/div>\n            \n            <\/div><\/div>\t\t<\/div>\n\t\t\t\t<\/div>\n\t\t\t\t<\/div>\n\t\t\t\t<\/div>\n\t\t\t\t<\/div>\n\t\t\t\t<\/div>\n\t\t\t\t<\/div>","protected":false},"excerpt":{"rendered":"<p>Cont\u00e1ctenos. Deje un mensaje. Cont\u00e1ctenos hoy mismo para determinar si su hijo es elegible para los servicios de Intervenci\u00f3n Temprana para Ni\u00f1os y Familias. \u00a1Nos gustar\u00eda saber de usted! Si tiene alguna pregunta sobre oportunidades de empleo o servicios de intervenci\u00f3n temprana, cont\u00e1ctenos. Estamos aqu\u00ed para evaluar las necesidades de su hijo y brindarle apoyo. Si no es as\u00ed, [\u2026]<\/p>","protected":false},"author":1,"featured_media":0,"parent":0,"menu_order":0,"comment_status":"closed","ping_status":"closed","template":"","meta":{"footnotes":""},"class_list":["post-161","page","type-page","status-publish","hentry"],"_links":{"self":[{"href":"https:\/\/kidsandfamily.net\/es\/wp-json\/wp\/v2\/pages\/161","targetHints":{"allow":["GET"]}}],"collection":[{"href":"https:\/\/kidsandfamily.net\/es\/wp-json\/wp\/v2\/pages"}],"about":[{"href":"https:\/\/kidsandfamily.net\/es\/wp-json\/wp\/v2\/types\/page"}],"author":[{"embeddable":true,"href":"https:\/\/kidsandfamily.net\/es\/wp-json\/wp\/v2\/users\/1"}],"replies":[{"embeddable":true,"href":"https:\/\/kidsandfamily.net\/es\/wp-json\/wp\/v2\/comments?post=161"}],"version-history":[{"count":58,"href":"https:\/\/kidsandfamily.net\/es\/wp-json\/wp\/v2\/pages\/161\/revisions"}],"predecessor-version":[{"id":682,"href":"https:\/\/kidsandfamily.net\/es\/wp-json\/wp\/v2\/pages\/161\/revisions\/682"}],"wp:attachment":[{"href":"https:\/\/kidsandfamily.net\/es\/wp-json\/wp\/v2\/media?parent=161"}],"curies":[{"name":"wp","href":"https:\/\/api.w.org\/{rel}","templated":true}]}}